{"id":681,"date":"2025-09-09T19:11:29","date_gmt":"2025-09-09T19:11:29","guid":{"rendered":"https:\/\/www.ivanasimunovic.com\/?post_type=product&#038;p=681"},"modified":"2025-09-09T19:13:11","modified_gmt":"2025-09-09T19:13:11","slug":"vestica-il-svetica","status":"publish","type":"product","link":"https:\/\/www.ivanasimunovic.com\/index.php\/izdelek\/vestica-il-svetica\/","title":{"rendered":"Ve\u0161tica il\u2019 svetica"},"content":{"rendered":"<p>\u201cVe\u0161tica il\u2019 svetica\u201d Ivane \u0160imunovi\u0107 je sna\u017ean i emotivan roman o \u017eeni koja poku\u0161ava da prona\u0111e sebe u vezi punoj bola, strasti i neizvesnosti. Ovo nije klasi\u010dna ljubavna pri\u010da \u2014 ovo je prikaz ljubavi koja boli, odnosa koji cepa du\u0161u, i ti\u0161ine koja ume da rani dublje od re\u010di.<\/p>\n<p>Kroz pri\u010du o unutra\u0161njoj borbi \u017eene koja voli, pra\u0161ta, \u0107uti i ostaje, iako zna da bi trebalo da ode, autorka postavlja pitanje: gde je granica izme\u0111u hrabrosti i slabosti, izme\u0111u svetice i ve\u0161tice?<\/p>\n<p>Ovo je roman za sve koje su bar jednom volele vi\u0161e nego \u0161to su smele, trpele vi\u0161e nego \u0161to su morale i ostajale du\u017ee nego \u0161to je bilo zdravo.<\/p>\n","protected":false},"excerpt":{"rendered":"<p>\u201cVe\u0161tica il\u2019 svetica\u201d Ivane \u0160imunovi\u0107 je sna\u017ean i emotivan roman o \u017eeni koja [&hellip;]<\/p>\n","protected":false},"featured_media":375,"comment_status":"open","ping_status":"closed","template":"","meta":{"_monsterinsights_skip_tracking":false,"_monsterinsights_sitenote_active":false,"_monsterinsights_sitenote_note":"","_monsterinsights_sitenote_category":0},"product_brand":[],"product_cat":[20],"product_tag":[],"class_list":{"0":"post-681","1":"product","2":"type-product","3":"status-publish","4":"has-post-thumbnail","6":"product_cat-roman","8":"first","9":"instock","10":"downloadable","11":"virtual","12":"purchasable","13":"product-type-simple"},"yoast_head":"<!-- This site is optimized with the Yoast SEO plugin v25.8 - https:\/\/yoast.com\/wordpress\/plugins\/seo\/ -->\n<title>Ve\u0161tica il\u2019 svetica - Ivana \u0160imunovi\u0107 - autorka<\/title>\n<meta name=\"robots\" content=\"index, follow, max-snippet:-1, max-image-preview:large, max-video-preview:-1\" \/>\n<link rel=\"canonical\" href=\"https:\/\/www.ivanasimunovic.com\/index.php\/izdelek\/vestica-il-svetica\/\" \/>\n<meta property=\"og:locale\" content=\"en_US\" \/>\n<meta property=\"og:type\" content=\"article\" \/>\n<meta property=\"og:title\" content=\"Ve\u0161tica il\u2019 svetica - Ivana \u0160imunovi\u0107 - autorka\" \/>\n<meta property=\"og:description\" content=\"\u201cVe\u0161tica il\u2019 svetica\u201d Ivane \u0160imunovi\u0107 je sna\u017ean i emotivan roman o \u017eeni koja [&hellip;]\" \/>\n<meta property=\"og:url\" content=\"https:\/\/www.ivanasimunovic.com\/index.php\/izdelek\/vestica-il-svetica\/\" \/>\n<meta property=\"og:site_name\" content=\"Ivana \u0160imunovi\u0107 - autorka\" \/>\n<meta property=\"article:modified_time\" content=\"2025-09-09T19:13:11+00:00\" \/>\n<meta property=\"og:image\" content=\"https:\/\/www.ivanasimunovic.com\/wp-content\/uploads\/2025\/07\/cropped-cropped-knjiga1.png\" \/>\n\t<meta property=\"og:image:width\" content=\"1255\" \/>\n\t<meta property=\"og:image:height\" content=\"1255\" \/>\n\t<meta property=\"og:image:type\" content=\"image\/png\" \/>\n<meta name=\"twitter:card\" content=\"summary_large_image\" \/>\n<meta name=\"twitter:label1\" content=\"Est. reading time\" \/>\n\t<meta name=\"twitter:data1\" content=\"1 minuta\" \/>\n<script type=\"application\/ld+json\" class=\"yoast-schema-graph\">{\"@context\":\"https:\/\/schema.org\",\"@graph\":[{\"@type\":\"WebPage\",\"@id\":\"https:\/\/www.ivanasimunovic.com\/index.php\/izdelek\/vestica-il-svetica\/\",\"url\":\"https:\/\/www.ivanasimunovic.com\/index.php\/izdelek\/vestica-il-svetica\/\",\"name\":\"Ve\u0161tica il\u2019 svetica - Ivana \u0160imunovi\u0107 - autorka\",\"isPartOf\":{\"@id\":\"https:\/\/www.ivanasimunovic.com\/#website\"},\"primaryImageOfPage\":{\"@id\":\"https:\/\/www.ivanasimunovic.com\/index.php\/izdelek\/vestica-il-svetica\/#primaryimage\"},\"image\":{\"@id\":\"https:\/\/www.ivanasimunovic.com\/index.php\/izdelek\/vestica-il-svetica\/#primaryimage\"},\"thumbnailUrl\":\"https:\/\/www.ivanasimunovic.com\/wp-content\/uploads\/2025\/07\/cropped-cropped-knjiga1.png\",\"datePublished\":\"2025-09-09T19:11:29+00:00\",\"dateModified\":\"2025-09-09T19:13:11+00:00\",\"breadcrumb\":{\"@id\":\"https:\/\/www.ivanasimunovic.com\/index.php\/izdelek\/vestica-il-svetica\/#breadcrumb\"},\"inLanguage\":\"dsb\",\"potentialAction\":[{\"@type\":\"ReadAction\",\"target\":[\"https:\/\/www.ivanasimunovic.com\/index.php\/izdelek\/vestica-il-svetica\/\"]}]},{\"@type\":\"ImageObject\",\"inLanguage\":\"dsb\",\"@id\":\"https:\/\/www.ivanasimunovic.com\/index.php\/izdelek\/vestica-il-svetica\/#primaryimage\",\"url\":\"https:\/\/www.ivanasimunovic.com\/wp-content\/uploads\/2025\/07\/cropped-cropped-knjiga1.png\",\"contentUrl\":\"https:\/\/www.ivanasimunovic.com\/wp-content\/uploads\/2025\/07\/cropped-cropped-knjiga1.png\",\"width\":1255,\"height\":1255},{\"@type\":\"BreadcrumbList\",\"@id\":\"https:\/\/www.ivanasimunovic.com\/index.php\/izdelek\/vestica-il-svetica\/#breadcrumb\",\"itemListElement\":[{\"@type\":\"ListItem\",\"position\":1,\"name\":\"Home\",\"item\":\"https:\/\/www.ivanasimunovic.com\/\"},{\"@type\":\"ListItem\",\"position\":2,\"name\":\"Prodavnica\",\"item\":\"https:\/\/www.ivanasimunovic.com\/index.php\/trgovina\/\"},{\"@type\":\"ListItem\",\"position\":3,\"name\":\"Ve\u0161tica il\u2019 svetica\"}]},{\"@type\":\"WebSite\",\"@id\":\"https:\/\/www.ivanasimunovic.com\/#website\",\"url\":\"https:\/\/www.ivanasimunovic.com\/\",\"name\":\"Ivana \u0160imunovi\u0107\",\"description\":\"\",\"publisher\":{\"@id\":\"https:\/\/www.ivanasimunovic.com\/#\/schema\/person\/3dbbac8134bb2e5bbb2423fd09a42a83\"},\"potentialAction\":[{\"@type\":\"SearchAction\",\"target\":{\"@type\":\"EntryPoint\",\"urlTemplate\":\"https:\/\/www.ivanasimunovic.com\/?s={search_term_string}\"},\"query-input\":{\"@type\":\"PropertyValueSpecification\",\"valueRequired\":true,\"valueName\":\"search_term_string\"}}],\"inLanguage\":\"dsb\"},{\"@type\":[\"Person\",\"Organization\"],\"@id\":\"https:\/\/www.ivanasimunovic.com\/#\/schema\/person\/3dbbac8134bb2e5bbb2423fd09a42a83\",\"name\":\"Ivana \u0160imunovic\",\"image\":{\"@type\":\"ImageObject\",\"inLanguage\":\"dsb\",\"@id\":\"https:\/\/www.ivanasimunovic.com\/#\/schema\/person\/image\/\",\"url\":\"https:\/\/www.ivanasimunovic.com\/wp-content\/uploads\/2025\/07\/cropped-ivana512.png\",\"contentUrl\":\"https:\/\/www.ivanasimunovic.com\/wp-content\/uploads\/2025\/07\/cropped-ivana512.png\",\"width\":512,\"height\":512,\"caption\":\"Ivana \u0160imunovic\"},\"logo\":{\"@id\":\"https:\/\/www.ivanasimunovic.com\/#\/schema\/person\/image\/\"},\"sameAs\":[\"http:\/\/ivanasimunovic.com\"]}]}<\/script>\n<!-- \/ Yoast SEO plugin. -->","yoast_head_json":{"title":"Ve\u0161tica il\u2019 svetica - Ivana \u0160imunovi\u0107 - autorka","robots":{"index":"index","follow":"follow","max-snippet":"max-snippet:-1","max-image-preview":"max-image-preview:large","max-video-preview":"max-video-preview:-1"},"canonical":"https:\/\/www.ivanasimunovic.com\/index.php\/izdelek\/vestica-il-svetica\/","og_locale":"en_US","og_type":"article","og_title":"Ve\u0161tica il\u2019 svetica - Ivana \u0160imunovi\u0107 - autorka","og_description":"\u201cVe\u0161tica il\u2019 svetica\u201d Ivane \u0160imunovi\u0107 je sna\u017ean i emotivan roman o \u017eeni koja [&hellip;]","og_url":"https:\/\/www.ivanasimunovic.com\/index.php\/izdelek\/vestica-il-svetica\/","og_site_name":"Ivana \u0160imunovi\u0107 - autorka","article_modified_time":"2025-09-09T19:13:11+00:00","og_image":[{"width":1255,"height":1255,"url":"https:\/\/www.ivanasimunovic.com\/wp-content\/uploads\/2025\/07\/cropped-cropped-knjiga1.png","type":"image\/png"}],"twitter_card":"summary_large_image","twitter_misc":{"Est. reading time":"1 minuta"},"schema":{"@context":"https:\/\/schema.org","@graph":[{"@type":"WebPage","@id":"https:\/\/www.ivanasimunovic.com\/index.php\/izdelek\/vestica-il-svetica\/","url":"https:\/\/www.ivanasimunovic.com\/index.php\/izdelek\/vestica-il-svetica\/","name":"Ve\u0161tica il\u2019 svetica - Ivana \u0160imunovi\u0107 - autorka","isPartOf":{"@id":"https:\/\/www.ivanasimunovic.com\/#website"},"primaryImageOfPage":{"@id":"https:\/\/www.ivanasimunovic.com\/index.php\/izdelek\/vestica-il-svetica\/#primaryimage"},"image":{"@id":"https:\/\/www.ivanasimunovic.com\/index.php\/izdelek\/vestica-il-svetica\/#primaryimage"},"thumbnailUrl":"https:\/\/www.ivanasimunovic.com\/wp-content\/uploads\/2025\/07\/cropped-cropped-knjiga1.png","datePublished":"2025-09-09T19:11:29+00:00","dateModified":"2025-09-09T19:13:11+00:00","breadcrumb":{"@id":"https:\/\/www.ivanasimunovic.com\/index.php\/izdelek\/vestica-il-svetica\/#breadcrumb"},"inLanguage":"dsb","potentialAction":[{"@type":"ReadAction","target":["https:\/\/www.ivanasimunovic.com\/index.php\/izdelek\/vestica-il-svetica\/"]}]},{"@type":"ImageObject","inLanguage":"dsb","@id":"https:\/\/www.ivanasimunovic.com\/index.php\/izdelek\/vestica-il-svetica\/#primaryimage","url":"https:\/\/www.ivanasimunovic.com\/wp-content\/uploads\/2025\/07\/cropped-cropped-knjiga1.png","contentUrl":"https:\/\/www.ivanasimunovic.com\/wp-content\/uploads\/2025\/07\/cropped-cropped-knjiga1.png","width":1255,"height":1255},{"@type":"BreadcrumbList","@id":"https:\/\/www.ivanasimunovic.com\/index.php\/izdelek\/vestica-il-svetica\/#breadcrumb","itemListElement":[{"@type":"ListItem","position":1,"name":"Home","item":"https:\/\/www.ivanasimunovic.com\/"},{"@type":"ListItem","position":2,"name":"Prodavnica","item":"https:\/\/www.ivanasimunovic.com\/index.php\/trgovina\/"},{"@type":"ListItem","position":3,"name":"Ve\u0161tica il\u2019 svetica"}]},{"@type":"WebSite","@id":"https:\/\/www.ivanasimunovic.com\/#website","url":"https:\/\/www.ivanasimunovic.com\/","name":"Ivana \u0160imunovi\u0107","description":"","publisher":{"@id":"https:\/\/www.ivanasimunovic.com\/#\/schema\/person\/3dbbac8134bb2e5bbb2423fd09a42a83"},"potentialAction":[{"@type":"SearchAction","target":{"@type":"EntryPoint","urlTemplate":"https:\/\/www.ivanasimunovic.com\/?s={search_term_string}"},"query-input":{"@type":"PropertyValueSpecification","valueRequired":true,"valueName":"search_term_string"}}],"inLanguage":"dsb"},{"@type":["Person","Organization"],"@id":"https:\/\/www.ivanasimunovic.com\/#\/schema\/person\/3dbbac8134bb2e5bbb2423fd09a42a83","name":"Ivana \u0160imunovic","image":{"@type":"ImageObject","inLanguage":"dsb","@id":"https:\/\/www.ivanasimunovic.com\/#\/schema\/person\/image\/","url":"https:\/\/www.ivanasimunovic.com\/wp-content\/uploads\/2025\/07\/cropped-ivana512.png","contentUrl":"https:\/\/www.ivanasimunovic.com\/wp-content\/uploads\/2025\/07\/cropped-ivana512.png","width":512,"height":512,"caption":"Ivana \u0160imunovic"},"logo":{"@id":"https:\/\/www.ivanasimunovic.com\/#\/schema\/person\/image\/"},"sameAs":["http:\/\/ivanasimunovic.com"]}]}},"jetpack_sharing_enabled":true,"_links":{"self":[{"href":"https:\/\/www.ivanasimunovic.com\/index.php\/wp-json\/wp\/v2\/product\/681","targetHints":{"allow":["GET"]}}],"collection":[{"href":"https:\/\/www.ivanasimunovic.com\/index.php\/wp-json\/wp\/v2\/product"}],"about":[{"href":"https:\/\/www.ivanasimunovic.com\/index.php\/wp-json\/wp\/v2\/types\/product"}],"replies":[{"embeddable":true,"href":"https:\/\/www.ivanasimunovic.com\/index.php\/wp-json\/wp\/v2\/comments?post=681"}],"wp:featuredmedia":[{"embeddable":true,"href":"https:\/\/www.ivanasimunovic.com\/index.php\/wp-json\/wp\/v2\/media\/375"}],"wp:attachment":[{"href":"https:\/\/www.ivanasimunovic.com\/index.php\/wp-json\/wp\/v2\/media?parent=681"}],"wp:term":[{"taxonomy":"product_brand","embeddable":true,"href":"https:\/\/www.ivanasimunovic.com\/index.php\/wp-json\/wp\/v2\/product_brand?post=681"},{"taxonomy":"product_cat","embeddable":true,"href":"https:\/\/www.ivanasimunovic.com\/index.php\/wp-json\/wp\/v2\/product_cat?post=681"},{"taxonomy":"product_tag","embeddable":true,"href":"https:\/\/www.ivanasimunovic.com\/index.php\/wp-json\/wp\/v2\/product_tag?post=681"}],"curies":[{"name":"wp","href":"https:\/\/api.w.org\/{rel}","templated":true}]}}