{"id":509,"date":"2025-09-03T17:56:50","date_gmt":"2025-09-03T17:56:50","guid":{"rendered":"https:\/\/www.ivanasimunovic.com\/index.php\/kosarica\/"},"modified":"2025-09-03T19:11:42","modified_gmt":"2025-09-03T19:11:42","slug":"kosarica","status":"publish","type":"page","link":"https:\/\/www.ivanasimunovic.com\/index.php\/kosarica\/","title":{"rendered":"Ko\u0161arica"},"content":{"rendered":"\n<div data-block-name=\"woocommerce\/cart\" class=\"wp-block-woocommerce-cart alignwide is-loading\">\n<div data-block-name=\"woocommerce\/filled-cart-block\" class=\"wp-block-woocommerce-filled-cart-block\">\n<div data-block-name=\"woocommerce\/cart-items-block\" class=\"wp-block-woocommerce-cart-items-block\">\n<div data-block-name=\"woocommerce\/cart-line-items-block\" class=\"wp-block-woocommerce-cart-line-items-block\"><\/div>\n\n\n\n<div data-block-name=\"woocommerce\/cart-cross-sells-block\" class=\"wp-block-woocommerce-cart-cross-sells-block\">\n<h2 class=\"wp-block-heading has-large-font-size\">Mogo\u010de bi vas zanimalo &#8230;<\/h2>\n\n\n\n<div data-block-name=\"woocommerce\/cart-cross-sells-products-block\" class=\"wp-block-woocommerce-cart-cross-sells-products-block\"><\/div>\n<\/div>\n<\/div>\n\n\n\n<div data-block-name=\"woocommerce\/cart-totals-block\" class=\"wp-block-woocommerce-cart-totals-block\">\n<div data-block-name=\"woocommerce\/cart-order-summary-block\" class=\"wp-block-woocommerce-cart-order-summary-block\">\n<div data-block-name=\"woocommerce\/cart-order-summary-heading-block\" class=\"wp-block-woocommerce-cart-order-summary-heading-block\"><\/div><div data-block-name=\"woocommerce\/cart-order-summary-coupon-form-block\" class=\"wp-block-woocommerce-cart-order-summary-coupon-form-block\"><\/div><div data-block-name=\"woocommerce\/cart-order-summary-totals-block\" class=\"wp-block-woocommerce-cart-order-summary-totals-block\">\n<div data-block-name=\"woocommerce\/cart-order-summary-subtotal-block\" class=\"wp-block-woocommerce-cart-order-summary-subtotal-block\"><\/div>\n<div data-block-name=\"woocommerce\/cart-order-summary-discount-block\" class=\"wp-block-woocommerce-cart-order-summary-discount-block\"><\/div>\n<div data-block-name=\"woocommerce\/cart-order-summary-fee-block\" class=\"wp-block-woocommerce-cart-order-summary-fee-block\"><\/div>\n<div data-block-name=\"woocommerce\/cart-order-summary-shipping-block\" class=\"wp-block-woocommerce-cart-order-summary-shipping-block\"><\/div>\n<div data-block-name=\"woocommerce\/cart-order-summary-taxes-block\" class=\"wp-block-woocommerce-cart-order-summary-taxes-block\"><\/div><\/div>\n<\/div>\n\n\n\n<div data-block-name=\"woocommerce\/cart-express-payment-block\" class=\"wp-block-woocommerce-cart-express-payment-block\"><\/div>\n\n\n\n<div data-block-name=\"woocommerce\/proceed-to-checkout-block\" class=\"wp-block-woocommerce-proceed-to-checkout-block\"><\/div>\n\n\n\n<div data-block-name=\"woocommerce\/cart-accepted-payment-methods-block\" class=\"wp-block-woocommerce-cart-accepted-payment-methods-block\"><\/div>\n<\/div>\n<\/div>\n\n\n\n<div data-block-name=\"woocommerce\/empty-cart-block\" class=\"wp-block-woocommerce-empty-cart-block\">\n<h2 class=\"wp-block-heading has-text-align-center with-empty-cart-icon wc-block-cart__empty-cart__title\">Va\u0161a ko\u0161arica je trenutno prazna!<\/h2>\n\n\n\n<hr class=\"wp-block-separator has-alpha-channel-opacity is-style-dots\"\/>\n\n\n\n<h2 class=\"wp-block-heading has-text-align-center\">Novo v trgovini<\/h2>\n\n\n<div data-block-name=\"woocommerce\/product-new\" data-columns=\"4\" data-rows=\"1\" class=\"wc-block-grid wp-block-product-new wp-block-woocommerce-product-new wc-block-product-new has-4-columns\"><ul class=\"wc-block-grid__products\"><li class=\"wc-block-grid__product\">\n\t\t\t\t<a href=\"https:\/\/www.ivanasimunovic.com\/index.php\/izdelek\/gresna-il-bezgresna\/\" class=\"wc-block-grid__product-link\">\n\t\t\t\t\t\n\t\t\t\t\t<div class=\"wc-block-grid__product-image\"><img loading=\"lazy\" decoding=\"async\" width=\"300\" height=\"300\" src=\"https:\/\/www.ivanasimunovic.com\/wp-content\/uploads\/2025\/09\/IMG_2212-300x300.png\" class=\"attachment-woocommerce_thumbnail size-woocommerce_thumbnail\" alt=\"Gre\u0161na il\u2019 bezgre\u0161na\" srcset=\"https:\/\/www.ivanasimunovic.com\/wp-content\/uploads\/2025\/09\/IMG_2212-300x300.png 300w, https:\/\/www.ivanasimunovic.com\/wp-content\/uploads\/2025\/09\/IMG_2212-150x150.png 150w, https:\/\/www.ivanasimunovic.com\/wp-content\/uploads\/2025\/09\/IMG_2212-100x100.png 100w\" sizes=\"auto, (max-width: 300px) 100vw, 300px\" \/><\/div>\n\t\t\t\t\t<div class=\"wc-block-grid__product-title\">Gre\u0161na il\u2019 bezgre\u0161na<\/div>\n\t\t\t\t<\/a>\n\t\t\t\t<div class=\"wc-block-grid__product-price price\"><span class=\"woocommerce-Price-amount amount\">10,00&nbsp;<span class=\"woocommerce-Price-currencySymbol\">&euro;<\/span><\/span><\/div>\n\t\t\t\t\n\t\t\t\t<div class=\"wp-block-button wc-block-grid__product-add-to-cart\"><a href=\"\/index.php\/wp-json\/wp\/v2\/pages\/509?add-to-cart=754\" aria-label=\"Add to cart: &ldquo;Gre\u0161na il\u2019 bezgre\u0161na&rdquo;\" data-quantity=\"1\" data-product_id=\"754\" data-product_sku=\"\" data-price=\"10\" rel=\"nofollow\" class=\"wp-block-button__link  add_to_cart_button ajax_add_to_cart\">Add to cart<\/a><\/div>\n\t\t\t<\/li><li class=\"wc-block-grid__product\">\n\t\t\t\t<a href=\"https:\/\/www.ivanasimunovic.com\/index.php\/izdelek\/vestica-il-svetica\/\" class=\"wc-block-grid__product-link\">\n\t\t\t\t\t\n\t\t\t\t\t<div class=\"wc-block-grid__product-image\"><img loading=\"lazy\" decoding=\"async\" width=\"300\" height=\"300\" src=\"https:\/\/www.ivanasimunovic.com\/wp-content\/uploads\/2025\/07\/cropped-cropped-knjiga1-300x300.png\" class=\"attachment-woocommerce_thumbnail size-woocommerce_thumbnail\" alt=\"Ve\u0161tica il\u2019 svetica\" srcset=\"https:\/\/www.ivanasimunovic.com\/wp-content\/uploads\/2025\/07\/cropped-cropped-knjiga1-300x300.png 300w, https:\/\/www.ivanasimunovic.com\/wp-content\/uploads\/2025\/07\/cropped-cropped-knjiga1-100x100.png 100w, https:\/\/www.ivanasimunovic.com\/wp-content\/uploads\/2025\/07\/cropped-cropped-knjiga1-600x600.png 600w, https:\/\/www.ivanasimunovic.com\/wp-content\/uploads\/2025\/07\/cropped-cropped-knjiga1-1024x1024.png 1024w, https:\/\/www.ivanasimunovic.com\/wp-content\/uploads\/2025\/07\/cropped-cropped-knjiga1-150x150.png 150w, https:\/\/www.ivanasimunovic.com\/wp-content\/uploads\/2025\/07\/cropped-cropped-knjiga1-768x768.png 768w, https:\/\/www.ivanasimunovic.com\/wp-content\/uploads\/2025\/07\/cropped-cropped-knjiga1.png 1255w\" sizes=\"auto, (max-width: 300px) 100vw, 300px\" \/><\/div>\n\t\t\t\t\t<div class=\"wc-block-grid__product-title\">Ve\u0161tica il\u2019 svetica<\/div>\n\t\t\t\t<\/a>\n\t\t\t\t<div class=\"wc-block-grid__product-price price\"><span class=\"woocommerce-Price-amount amount\">10,00&nbsp;<span class=\"woocommerce-Price-currencySymbol\">&euro;<\/span><\/span><\/div>\n\t\t\t\t\n\t\t\t\t<div class=\"wp-block-button wc-block-grid__product-add-to-cart\"><a href=\"\/index.php\/wp-json\/wp\/v2\/pages\/509?add-to-cart=681\" aria-label=\"Add to cart: &ldquo;Ve\u0161tica il\u2019 svetica&rdquo;\" data-quantity=\"1\" data-product_id=\"681\" data-product_sku=\"\" data-price=\"10\" rel=\"nofollow\" class=\"wp-block-button__link  add_to_cart_button ajax_add_to_cart\">Add to cart<\/a><\/div>\n\t\t\t<\/li><\/ul><\/div><\/div>\n<\/div>\n","protected":false},"excerpt":{"rendered":"<p> [&hellip;]<\/p>\n","protected":false},"author":1,"featured_media":0,"parent":0,"menu_order":0,"comment_status":"closed","ping_status":"closed","template":"","meta":{"_monsterinsights_skip_tracking":false,"_monsterinsights_sitenote_active":false,"_monsterinsights_sitenote_note":"","_monsterinsights_sitenote_category":0,"footnotes":""},"class_list":["post-509","page","type-page","status-publish","hentry"],"yoast_head":"<!-- This site is optimized with the Yoast SEO plugin v25.8 - https:\/\/yoast.com\/wordpress\/plugins\/seo\/ -->\n<title>Ko\u0161arica - Ivana \u0160imunovi\u0107 - autorka<\/title>\n<meta name=\"description\" content=\"Ko\u0161arica Ivana \u0160imunovi\u0107 - autorka -\" \/>\n<meta name=\"robots\" content=\"index, follow, max-snippet:-1, max-image-preview:large, max-video-preview:-1\" \/>\n<link rel=\"canonical\" href=\"https:\/\/www.ivanasimunovic.com\/index.php\/kosarica\/\" \/>\n<meta property=\"og:locale\" content=\"en_US\" \/>\n<meta property=\"og:type\" content=\"article\" \/>\n<meta property=\"og:title\" content=\"Ko\u0161arica - Ivana \u0160imunovi\u0107 - autorka\" \/>\n<meta property=\"og:description\" content=\"Ko\u0161arica Ivana \u0160imunovi\u0107 - autorka -\" \/>\n<meta property=\"og:url\" content=\"https:\/\/www.ivanasimunovic.com\/index.php\/kosarica\/\" \/>\n<meta property=\"og:site_name\" content=\"Ivana \u0160imunovi\u0107 - autorka\" \/>\n<meta property=\"article:modified_time\" content=\"2025-09-03T19:11:42+00:00\" \/>\n<meta property=\"og:image\" content=\"https:\/\/www.ivanasimunovic.com\/wp-content\/uploads\/2025\/07\/knjiga1-1024x669.png\" \/>\n\t<meta property=\"og:image:width\" content=\"1024\" \/>\n\t<meta property=\"og:image:height\" content=\"669\" \/>\n\t<meta property=\"og:image:type\" content=\"image\/png\" \/>\n<meta name=\"twitter:card\" content=\"summary_large_image\" \/>\n<script type=\"application\/ld+json\" class=\"yoast-schema-graph\">{\"@context\":\"https:\/\/schema.org\",\"@graph\":[{\"@type\":\"WebPage\",\"@id\":\"https:\/\/www.ivanasimunovic.com\/index.php\/kosarica\/\",\"url\":\"https:\/\/www.ivanasimunovic.com\/index.php\/kosarica\/\",\"name\":\"Ko\u0161arica - Ivana \u0160imunovi\u0107 - autorka\",\"isPartOf\":{\"@id\":\"https:\/\/www.ivanasimunovic.com\/#website\"},\"datePublished\":\"2025-09-03T17:56:50+00:00\",\"dateModified\":\"2025-09-03T19:11:42+00:00\",\"description\":\"Ko\u0161arica Ivana \u0160imunovi\u0107 - autorka -\",\"breadcrumb\":{\"@id\":\"https:\/\/www.ivanasimunovic.com\/index.php\/kosarica\/#breadcrumb\"},\"inLanguage\":\"dsb\",\"potentialAction\":[{\"@type\":\"ReadAction\",\"target\":[\"https:\/\/www.ivanasimunovic.com\/index.php\/kosarica\/\"]}]},{\"@type\":\"BreadcrumbList\",\"@id\":\"https:\/\/www.ivanasimunovic.com\/index.php\/kosarica\/#breadcrumb\",\"itemListElement\":[{\"@type\":\"ListItem\",\"position\":1,\"name\":\"Home\",\"item\":\"https:\/\/www.ivanasimunovic.com\/\"},{\"@type\":\"ListItem\",\"position\":2,\"name\":\"Ko\u0161arica\"}]},{\"@type\":\"WebSite\",\"@id\":\"https:\/\/www.ivanasimunovic.com\/#website\",\"url\":\"https:\/\/www.ivanasimunovic.com\/\",\"name\":\"Ivana \u0160imunovi\u0107\",\"description\":\"\",\"publisher\":{\"@id\":\"https:\/\/www.ivanasimunovic.com\/#\/schema\/person\/3dbbac8134bb2e5bbb2423fd09a42a83\"},\"potentialAction\":[{\"@type\":\"SearchAction\",\"target\":{\"@type\":\"EntryPoint\",\"urlTemplate\":\"https:\/\/www.ivanasimunovic.com\/?s={search_term_string}\"},\"query-input\":{\"@type\":\"PropertyValueSpecification\",\"valueRequired\":true,\"valueName\":\"search_term_string\"}}],\"inLanguage\":\"dsb\"},{\"@type\":[\"Person\",\"Organization\"],\"@id\":\"https:\/\/www.ivanasimunovic.com\/#\/schema\/person\/3dbbac8134bb2e5bbb2423fd09a42a83\",\"name\":\"Ivana \u0160imunovic\",\"image\":{\"@type\":\"ImageObject\",\"inLanguage\":\"dsb\",\"@id\":\"https:\/\/www.ivanasimunovic.com\/#\/schema\/person\/image\/\",\"url\":\"https:\/\/www.ivanasimunovic.com\/wp-content\/uploads\/2025\/07\/cropped-ivana512.png\",\"contentUrl\":\"https:\/\/www.ivanasimunovic.com\/wp-content\/uploads\/2025\/07\/cropped-ivana512.png\",\"width\":512,\"height\":512,\"caption\":\"Ivana \u0160imunovic\"},\"logo\":{\"@id\":\"https:\/\/www.ivanasimunovic.com\/#\/schema\/person\/image\/\"},\"sameAs\":[\"http:\/\/ivanasimunovic.com\"]}]}<\/script>\n<!-- \/ Yoast SEO plugin. -->","yoast_head_json":{"title":"Ko\u0161arica - Ivana \u0160imunovi\u0107 - autorka","description":"Ko\u0161arica Ivana \u0160imunovi\u0107 - autorka -","robots":{"index":"index","follow":"follow","max-snippet":"max-snippet:-1","max-image-preview":"max-image-preview:large","max-video-preview":"max-video-preview:-1"},"canonical":"https:\/\/www.ivanasimunovic.com\/index.php\/kosarica\/","og_locale":"en_US","og_type":"article","og_title":"Ko\u0161arica - Ivana \u0160imunovi\u0107 - autorka","og_description":"Ko\u0161arica Ivana \u0160imunovi\u0107 - autorka -","og_url":"https:\/\/www.ivanasimunovic.com\/index.php\/kosarica\/","og_site_name":"Ivana \u0160imunovi\u0107 - autorka","article_modified_time":"2025-09-03T19:11:42+00:00","og_image":[{"width":1024,"height":669,"url":"https:\/\/www.ivanasimunovic.com\/wp-content\/uploads\/2025\/07\/knjiga1-1024x669.png","type":"image\/png"}],"twitter_card":"summary_large_image","schema":{"@context":"https:\/\/schema.org","@graph":[{"@type":"WebPage","@id":"https:\/\/www.ivanasimunovic.com\/index.php\/kosarica\/","url":"https:\/\/www.ivanasimunovic.com\/index.php\/kosarica\/","name":"Ko\u0161arica - Ivana \u0160imunovi\u0107 - autorka","isPartOf":{"@id":"https:\/\/www.ivanasimunovic.com\/#website"},"datePublished":"2025-09-03T17:56:50+00:00","dateModified":"2025-09-03T19:11:42+00:00","description":"Ko\u0161arica Ivana \u0160imunovi\u0107 - autorka -","breadcrumb":{"@id":"https:\/\/www.ivanasimunovic.com\/index.php\/kosarica\/#breadcrumb"},"inLanguage":"dsb","potentialAction":[{"@type":"ReadAction","target":["https:\/\/www.ivanasimunovic.com\/index.php\/kosarica\/"]}]},{"@type":"BreadcrumbList","@id":"https:\/\/www.ivanasimunovic.com\/index.php\/kosarica\/#breadcrumb","itemListElement":[{"@type":"ListItem","position":1,"name":"Home","item":"https:\/\/www.ivanasimunovic.com\/"},{"@type":"ListItem","position":2,"name":"Ko\u0161arica"}]},{"@type":"WebSite","@id":"https:\/\/www.ivanasimunovic.com\/#website","url":"https:\/\/www.ivanasimunovic.com\/","name":"Ivana \u0160imunovi\u0107","description":"","publisher":{"@id":"https:\/\/www.ivanasimunovic.com\/#\/schema\/person\/3dbbac8134bb2e5bbb2423fd09a42a83"},"potentialAction":[{"@type":"SearchAction","target":{"@type":"EntryPoint","urlTemplate":"https:\/\/www.ivanasimunovic.com\/?s={search_term_string}"},"query-input":{"@type":"PropertyValueSpecification","valueRequired":true,"valueName":"search_term_string"}}],"inLanguage":"dsb"},{"@type":["Person","Organization"],"@id":"https:\/\/www.ivanasimunovic.com\/#\/schema\/person\/3dbbac8134bb2e5bbb2423fd09a42a83","name":"Ivana \u0160imunovic","image":{"@type":"ImageObject","inLanguage":"dsb","@id":"https:\/\/www.ivanasimunovic.com\/#\/schema\/person\/image\/","url":"https:\/\/www.ivanasimunovic.com\/wp-content\/uploads\/2025\/07\/cropped-ivana512.png","contentUrl":"https:\/\/www.ivanasimunovic.com\/wp-content\/uploads\/2025\/07\/cropped-ivana512.png","width":512,"height":512,"caption":"Ivana \u0160imunovic"},"logo":{"@id":"https:\/\/www.ivanasimunovic.com\/#\/schema\/person\/image\/"},"sameAs":["http:\/\/ivanasimunovic.com"]}]}},"jetpack_sharing_enabled":true,"_links":{"self":[{"href":"https:\/\/www.ivanasimunovic.com\/index.php\/wp-json\/wp\/v2\/pages\/509","targetHints":{"allow":["GET"]}}],"collection":[{"href":"https:\/\/www.ivanasimunovic.com\/index.php\/wp-json\/wp\/v2\/pages"}],"about":[{"href":"https:\/\/www.ivanasimunovic.com\/index.php\/wp-json\/wp\/v2\/types\/page"}],"author":[{"embeddable":true,"href":"https:\/\/www.ivanasimunovic.com\/index.php\/wp-json\/wp\/v2\/users\/1"}],"replies":[{"embeddable":true,"href":"https:\/\/www.ivanasimunovic.com\/index.php\/wp-json\/wp\/v2\/comments?post=509"}],"version-history":[{"count":1,"href":"https:\/\/www.ivanasimunovic.com\/index.php\/wp-json\/wp\/v2\/pages\/509\/revisions"}],"predecessor-version":[{"id":573,"href":"https:\/\/www.ivanasimunovic.com\/index.php\/wp-json\/wp\/v2\/pages\/509\/revisions\/573"}],"wp:attachment":[{"href":"https:\/\/www.ivanasimunovic.com\/index.php\/wp-json\/wp\/v2\/media?parent=509"}],"curies":[{"name":"wp","href":"https:\/\/api.w.org\/{rel}","templated":true}]}}